{"id":19,"date":"2024-04-17T14:30:01","date_gmt":"2024-04-17T12:30:01","guid":{"rendered":"https:\/\/lesminotslag.com\/services\/"},"modified":"2024-04-17T14:30:01","modified_gmt":"2024-04-17T12:30:01","slug":"services","status":"publish","type":"page","link":"https:\/\/lmlag.com\/index.php\/services\/","title":{"rendered":"Services"},"content":{"rendered":"\n<div class=\"wp-block-group alignfull is-content-justification-center is-layout-constrained wp-container-core-group-is-layout-df757ecc wp-block-group-is-layout-constrained\" style=\"margin-top:0;margin-bottom:0;padding-top:calc( 0.5 * var(--wp--style--root--padding-right, var(--wp--custom--gap--horizontal)));padding-right:var(--wp--style--root--padding-right, var(--wp--custom--gap--horizontal));padding-bottom:calc( 0.5 * var(--wp--style--root--padding-right, var(--wp--custom--gap--horizontal)));padding-left:var(--wp--style--root--padding-left, var(--wp--custom--gap--horizontal))\">\n<div style=\"height:calc( 0.25 * var(--wp--style--root--padding-right, var(--wp--custom--gap--horizontal)))\" aria-hidden=\"true\" class=\"wp-block-spacer\"><\/div>\n\n\n\n<div class=\"wp-block-columns alignwide is-layout-flex wp-container-core-columns-is-layout-ea69a204 wp-block-columns-is-layout-flex\">\n<div class=\"wp-block-column is-layout-flow wp-container-core-column-is-layout-22223934 wp-block-column-is-layout-flow\" style=\"flex-basis:50%\">\n<h2 class=\"wp-block-heading has-text-align-center\">Services<\/h2>\n<\/div>\n\n\n\n<div class=\"wp-block-column is-layout-flow wp-block-column-is-layout-flow\" style=\"flex-basis:50%\">\n<p>Chez Les Minots Lav&#8217;and Go, nous vous proposons une gamme compl\u00e8te de services de laverie \u00e9tudiante.  Nous vous offrons une exp\u00e9rience de lavage pratique, \u00e9cologique et conviviale.<\/p>\n<\/div>\n<\/div>\n\n\n\n<div style=\"height:calc( 0.25 * var(--wp--style--root--padding-right, var(--wp--custom--gap--horizontal)))\" aria-hidden=\"true\" class=\"wp-block-spacer\"><\/div>\n<\/div>\n\n\n\n<div class=\"wp-block-group alignfull is-content-justification-center is-layout-constrained wp-container-core-group-is-layout-df757ecc wp-block-group-is-layout-constrained\" style=\"margin-top:0;margin-bottom:0;padding-top:calc( 0.5 * var(--wp--style--root--padding-right, var(--wp--custom--gap--horizontal)));padding-right:var(--wp--style--root--padding-right, var(--wp--custom--gap--horizontal));padding-bottom:calc( 0.5 * var(--wp--style--root--padding-right, var(--wp--custom--gap--horizontal)));padding-left:var(--wp--style--root--padding-left, var(--wp--custom--gap--horizontal))\">\n<div style=\"height:calc( 0.25 * var(--wp--style--root--padding-right, var(--wp--custom--gap--horizontal)))\" aria-hidden=\"true\" class=\"wp-block-spacer\"><\/div>\n\n\n\n<div class=\"wp-block-columns alignwide is-layout-flex wp-container-core-columns-is-layout-5b525043 wp-block-columns-is-layout-flex\">\n<div class=\"wp-block-column is-layout-flow wp-block-column-is-layout-flow\">\n<figure class=\"wp-block-image aligncenter size-full is-resized\"><img decoding=\"async\" src=\"https:\/\/lesminotslag.com\/wp-content\/uploads\/2024\/07\/capture-decran-2024-07-03-a-16.50.00.png\" alt=\"\" class=\"wp-image-52\" style=\"aspect-ratio:1;object-fit:cover;width:353px;height:auto\" \/><\/figure>\n\n\n\n<h3 class=\"wp-block-heading has-text-align-center has-medium-font-size\">Technologie Avanc\u00e9e pour <br>un Lavage Optimal<\/h3>\n\n\n\n<p class=\"has-text-align-center\">D\u00e9couvrez comment notre technologie assure une propret\u00e9 impeccable \u00e0 chaque lavage.<\/p>\n\n\n\n<div class=\"wp-block-buttons is-content-justification-center is-layout-flex wp-container-core-buttons-is-layout-a89b3969 wp-block-buttons-is-layout-flex\">\n<div class=\"wp-block-button\"><a class=\"wp-block-button__link wp-element-button\">Commencer<\/a><\/div>\n<\/div>\n<\/div>\n\n\n\n<div class=\"wp-block-column is-layout-flow wp-block-column-is-layout-flow\">\n<figure class=\"wp-block-image aligncenter size-full is-resized\"><img decoding=\"async\" src=\"https:\/\/lesminotslag.com\/wp-content\/uploads\/2024\/07\/capture-decran-2024-07-03-a-16.50.16.png\" alt=\"\" class=\"wp-image-53\" style=\"aspect-ratio:1;object-fit:cover;width:355px;height:auto\" \/><\/figure>\n\n\n\n<h3 class=\"wp-block-heading has-text-align-center has-medium-font-size\">Promotions Irr\u00e9sistibles pour <br>\u00c9tudiants Astucieux<\/h3>\n\n\n\n<p class=\"has-text-align-center\">Explorez nos offres sp\u00e9ciales con\u00e7ues pour les \u00e9tudiants qui cherchent \u00e0 \u00e9conomiser tout en profitant de qualit\u00e9 sup\u00e9rieure.<\/p>\n\n\n\n<div class=\"wp-block-buttons is-content-justification-center is-layout-flex wp-container-core-buttons-is-layout-a89b3969 wp-block-buttons-is-layout-flex\">\n<div class=\"wp-block-button\"><a class=\"wp-block-button__link wp-element-button\">Commencer<\/a><\/div>\n<\/div>\n<\/div>\n\n\n\n<div class=\"wp-block-column is-layout-flow wp-block-column-is-layout-flow\">\n<figure class=\"wp-block-image aligncenter size-full is-resized\"><img decoding=\"async\" src=\"https:\/\/lesminotslag.com\/wp-content\/uploads\/2024\/07\/capture-decran-2024-07-03-a-16.50.38.png\" alt=\"\" class=\"wp-image-54\" style=\"aspect-ratio:1;object-fit:cover;width:353px;height:auto\" \/><\/figure>\n\n\n\n<h3 class=\"wp-block-heading has-text-align-center has-medium-font-size\">Efficacit\u00e9 et Simplicit\u00e9 : <br>Notre Engagement envers Vous<\/h3>\n\n\n\n<p class=\"has-text-align-center\">Appr\u00e9ciez comment notre d\u00e9vouement \u00e0 l&#8217;efficacit\u00e9 am\u00e9liore votre exp\u00e9rience, assurant une routine pratique et sans tracas.<\/p>\n\n\n\n<div class=\"wp-block-buttons is-content-justification-center is-layout-flex wp-container-core-buttons-is-layout-a89b3969 wp-block-buttons-is-layout-flex\">\n<div class=\"wp-block-button\"><a class=\"wp-block-button__link wp-element-button\">Commencer<\/a><\/div>\n<\/div>\n<\/div>\n<\/div>\n\n\n\n<div style=\"height:calc( 0.25 * var(--wp--style--root--padding-right, var(--wp--custom--gap--horizontal)))\" aria-hidden=\"true\" class=\"wp-block-spacer\"><\/div>\n<\/div>\n","protected":false},"excerpt":{"rendered":"<p>Services Chez Les Minots Lav&#8217;and Go, nous vous proposons une gamme compl\u00e8te de services de laverie \u00e9tudiante. Nous vous offrons une exp\u00e9rience de lavage pratique, \u00e9cologique et conviviale. Technologie Avanc\u00e9e pour un Lavage Optimal D\u00e9couvrez comment notre technologie assure une propret\u00e9 impeccable \u00e0 chaque lavage. Promotions Irr\u00e9sistibles pour \u00c9tudiants Astucieux Explorez nos offres sp\u00e9ciales con\u00e7ues [&hellip;]<\/p>\n","protected":false},"author":2,"featured_media":0,"parent":0,"menu_order":0,"comment_status":"closed","ping_status":"closed","template":"","meta":{"footnotes":""},"class_list":["post-19","page","type-page","status-publish","hentry"],"_links":{"self":[{"href":"https:\/\/lmlag.com\/index.php\/wp-json\/wp\/v2\/pages\/19","targetHints":{"allow":["GET"]}}],"collection":[{"href":"https:\/\/lmlag.com\/index.php\/wp-json\/wp\/v2\/pages"}],"about":[{"href":"https:\/\/lmlag.com\/index.php\/wp-json\/wp\/v2\/types\/page"}],"author":[{"embeddable":true,"href":"https:\/\/lmlag.com\/index.php\/wp-json\/wp\/v2\/users\/2"}],"replies":[{"embeddable":true,"href":"https:\/\/lmlag.com\/index.php\/wp-json\/wp\/v2\/comments?post=19"}],"version-history":[{"count":0,"href":"https:\/\/lmlag.com\/index.php\/wp-json\/wp\/v2\/pages\/19\/revisions"}],"wp:attachment":[{"href":"https:\/\/lmlag.com\/index.php\/wp-json\/wp\/v2\/media?parent=19"}],"curies":[{"name":"wp","href":"https:\/\/api.w.org\/{rel}","templated":true}]}}