{"id":18,"date":"2024-04-17T14:30:00","date_gmt":"2024-04-17T12:30:00","guid":{"rendered":"https:\/\/lesminotslag.com\/a-propos-2\/"},"modified":"2024-04-17T14:30:00","modified_gmt":"2024-04-17T12:30:00","slug":"a-propos-2","status":"publish","type":"page","link":"https:\/\/lmlag.com\/index.php\/a-propos-2\/","title":{"rendered":"\u00c0 propos"},"content":{"rendered":"\n<div class=\"wp-block-group alignfull is-content-justification-center is-layout-constrained wp-container-core-group-is-layout-df757ecc wp-block-group-is-layout-constrained\" style=\"margin-top:0;margin-bottom:0;padding-top:calc( 0.5 * var(--wp--style--root--padding-right, var(--wp--custom--gap--horizontal)));padding-right:var(--wp--style--root--padding-right, var(--wp--custom--gap--horizontal));padding-bottom:calc( 0.5 * var(--wp--style--root--padding-right, var(--wp--custom--gap--horizontal)));padding-left:var(--wp--style--root--padding-left, var(--wp--custom--gap--horizontal))\">\n<div style=\"height:calc( 0.25 * var(--wp--style--root--padding-right, var(--wp--custom--gap--horizontal)))\" aria-hidden=\"true\" class=\"wp-block-spacer\"><\/div>\n\n\n\n<div class=\"wp-block-columns alignwide is-layout-flex wp-container-core-columns-is-layout-28f84493 wp-block-columns-is-layout-flex\">\n<div class=\"wp-block-column is-layout-flow wp-container-core-column-is-layout-22223934 wp-block-column-is-layout-flow\" style=\"flex-basis:50%\">\n<h2 class=\"wp-block-heading\">\u00c0 propos<\/h2>\n\n\n\n<p><\/p>\n<\/div>\n<\/div>\n\n\n\n<div style=\"height:calc( 0.25 * var(--wp--style--root--padding-right, var(--wp--custom--gap--horizontal)))\" aria-hidden=\"true\" class=\"wp-block-spacer\"><\/div>\n<\/div>\n\n\n\n<div class=\"wp-block-group alignfull is-content-justification-center is-layout-constrained wp-container-core-group-is-layout-df757ecc wp-block-group-is-layout-constrained\" style=\"margin-top:0;margin-bottom:0;padding-top:calc( 0.5 * var(--wp--style--root--padding-right, var(--wp--custom--gap--horizontal)));padding-right:var(--wp--style--root--padding-right, var(--wp--custom--gap--horizontal));padding-bottom:calc( 0.5 * var(--wp--style--root--padding-right, var(--wp--custom--gap--horizontal)));padding-left:var(--wp--style--root--padding-left, var(--wp--custom--gap--horizontal))\">\n<div style=\"height:calc( 0.25 * var(--wp--style--root--padding-right, var(--wp--custom--gap--horizontal)))\" aria-hidden=\"true\" class=\"wp-block-spacer\"><\/div>\n\n\n\n<div class=\"wp-block-columns alignwide is-layout-flex wp-container-core-columns-is-layout-28f84493 wp-block-columns-is-layout-flex\">\n<div class=\"wp-block-column is-layout-flow wp-block-column-is-layout-flow\">\n<h3 class=\"wp-block-heading has-medium-font-size\">Notre Histoire<\/h3>\n\n\n\n<p>Nous sommes Am\u00e9lie et Robin, deux passionn\u00e9s d&#8217;entrepreneuriat, impr\u00e9gn\u00e9s depuis toujours par l&#8217;esprit d&#8217;entreprise de nos familles. Notre exp\u00e9rience commune dans la restauration a renforc\u00e9 notre conviction que nous \u00e9tions faits pour travailler ensemble, nourrissant notre ambition de cr\u00e9er quelque chose de nouveau et de significatif.<\/p>\n\n\n\n<p>Notre projet, Les Minots Lav&#8217;and Go, est n\u00e9 de notre observation des d\u00e9fis auxquels font face les \u00e9tudiants en mati\u00e8re de gestion pratique du linge. Convaincus de l&#8217;importance de proposer une solution innovante alliant praticit\u00e9, technologie et respect de l&#8217;environnement, nous avons cherch\u00e9 \u00e0 d\u00e9velopper cette offre. \u00c0 travers un syst\u00e8me de gestion en ligne sophistiqu\u00e9, nous simplifions l&#8217;exp\u00e9rience utilisateur tout en assurant un service efficace et abordable.<\/p>\n\n\n\n<p>Pour nous, Les Minots Lav&#8217;and Go repr\u00e9sente non seulement une entreprise, mais aussi une mani\u00e8re de partager notre h\u00e9ritage proven\u00e7al avec une approche chaleureuse et personnalis\u00e9e du service client. Notre objectif est de devenir la r\u00e9f\u00e9rence en mati\u00e8re de services de laverie \u00e9tudiante, en continuant d&#8217;innover et de r\u00e9pondre aux besoins sp\u00e9cifiques de notre communaut\u00e9<\/p>\n\n\n\n<div style=\"height:calc( 0.25 * var(--wp--style--root--padding-right, var(--wp--custom--gap--horizontal)))\" aria-hidden=\"true\" class=\"wp-block-spacer\"><\/div>\n<\/div>\n\n\n\n<div class=\"wp-block-column is-layout-flow wp-container-core-column-is-layout-5dafc681 wp-block-column-is-layout-flow\">\n<figure class=\"wp-block-image aligncenter size-full is-resized\"><img decoding=\"async\" src=\"https:\/\/lesminotslag.com\/wp-content\/uploads\/2024\/07\/clipped_image_20240706_140809-2311532596-e1720703642699.png\" alt=\"\" class=\"wp-image-61\" style=\"aspect-ratio:0.75;object-fit:cover;width:377px;height:auto\" \/><\/figure>\n<\/div>\n<\/div>\n\n\n\n<div style=\"height:calc( 0.25 * var(--wp--style--root--padding-right, var(--wp--custom--gap--horizontal)))\" aria-hidden=\"true\" class=\"wp-block-spacer\"><\/div>\n<\/div>\n","protected":false},"excerpt":{"rendered":"<p>\u00c0 propos Notre Histoire Nous sommes Am\u00e9lie et Robin, deux passionn\u00e9s d&#8217;entrepreneuriat, impr\u00e9gn\u00e9s depuis toujours par l&#8217;esprit d&#8217;entreprise de nos familles. Notre exp\u00e9rience commune dans la restauration a renforc\u00e9 notre conviction que nous \u00e9tions faits pour travailler ensemble, nourrissant notre ambition de cr\u00e9er quelque chose de nouveau et de significatif. Notre projet, Les Minots Lav&#8217;and [&hellip;]<\/p>\n","protected":false},"author":2,"featured_media":0,"parent":0,"menu_order":0,"comment_status":"closed","ping_status":"closed","template":"","meta":{"footnotes":""},"class_list":["post-18","page","type-page","status-publish","hentry"],"_links":{"self":[{"href":"https:\/\/lmlag.com\/index.php\/wp-json\/wp\/v2\/pages\/18","targetHints":{"allow":["GET"]}}],"collection":[{"href":"https:\/\/lmlag.com\/index.php\/wp-json\/wp\/v2\/pages"}],"about":[{"href":"https:\/\/lmlag.com\/index.php\/wp-json\/wp\/v2\/types\/page"}],"author":[{"embeddable":true,"href":"https:\/\/lmlag.com\/index.php\/wp-json\/wp\/v2\/users\/2"}],"replies":[{"embeddable":true,"href":"https:\/\/lmlag.com\/index.php\/wp-json\/wp\/v2\/comments?post=18"}],"version-history":[{"count":0,"href":"https:\/\/lmlag.com\/index.php\/wp-json\/wp\/v2\/pages\/18\/revisions"}],"wp:attachment":[{"href":"https:\/\/lmlag.com\/index.php\/wp-json\/wp\/v2\/media?parent=18"}],"curies":[{"name":"wp","href":"https:\/\/api.w.org\/{rel}","templated":true}]}}